{"id":154,"date":"2016-10-28T08:35:33","date_gmt":"2016-10-28T08:35:33","guid":{"rendered":"http:\/\/31.217.196.205\/~mrqxsqrz\/oper_www\/?page_id=154"},"modified":"2016-10-28T09:46:20","modified_gmt":"2016-10-28T09:46:20","slug":"linkit","status":"publish","type":"page","link":"https:\/\/www.operaatiotaito.fi\/oper_www\/linkit\/","title":{"rendered":"Linkit"},"content":{"rendered":"<div class=\"su-note\"  style=\"border-color:#e5e54c;border-radius:3px;-moz-border-radius:3px;-webkit-border-radius:3px;\"><div class=\"su-note-inner su-u-clearfix su-u-trim\" style=\"background-color:#FFFF66;border-color:#ffffff;color:#333333;border-radius:3px;-moz-border-radius:3px;-webkit-border-radius:3px;\">Linkkej\u00e4 p\u00e4ivitet\u00e4\u00e4n lis\u00e4\u00e4 tulevaisuudessa. Laita vinkki hyv\u00e4st\u00e4 linkist\u00e4 osoitteeseen: info(at)operaatiotaito.fi<\/div><\/div>\n<h4 class=\"simple-links-title\">S\u00e4\u00e4tiedot<\/h4><ul class=\"simple-links-list\" ><li class=\"simple-links-item simple-links-shortcode-item\" id=\"link-194\"><a href=\"http:\/\/www.foreca.fi\/Finland\/Helsinki?frontpage\" title=\"\" target=\"_blank\" >Foreca<\/a><\/li><li class=\"simple-links-item simple-links-shortcode-item\" id=\"link-134\"><a href=\"http:\/\/www.fmi.fi\" title=\"\" target=\"_blank\" >Ilmatieteenlaitos<\/a><\/li><li class=\"simple-links-item simple-links-shortcode-item\" id=\"link-192\"><a href=\"http:\/\/ilmatieteenlaitos.fi\/merisaa-ja-itameri\" title=\"\" target=\"_blank\" >Meris\u00e4\u00e4<\/a><\/li><li class=\"simple-links-item simple-links-shortcode-item\" id=\"link-196\"><a href=\"https:\/\/www.saapalvelu.fi\/helsinki\/saa\/\" title=\"\" target=\"_blank\" >Suomen s\u00e4\u00e4palvelu<\/a><\/li><li class=\"simple-links-item simple-links-shortcode-item\" id=\"link-138\"><a href=\"http:\/\/fi.blitzortung.org\/live_dynamic_maps.php\" title=\"\" target=\"_blank\" >Ukkostutka - Blitzortung.org<\/a><\/li><li class=\"simple-links-item simple-links-shortcode-item\" id=\"link-136\"><a href=\"https:\/\/www.nordicweather.net\/ukkostutka.php?fi\" title=\"\" target=\"_blank\" >Ukkostutka - Nordicweather<\/a><\/li><\/ul><!-- End .simple-links-list -->\n<h4 class=\"simple-links-title\">Liikennetiedot<\/h4><ul class=\"simple-links-list\" ><li class=\"simple-links-item simple-links-shortcode-item\" id=\"link-140\"><a href=\"https:\/\/www.flightradar24.com\/60.17,24.94\/7\" title=\"\" target=\"_blank\" >Flightradar 24<\/a><\/li><li class=\"simple-links-item simple-links-shortcode-item\" id=\"link-144\"><a href=\"http:\/\/liikennetilanne.liikennevirasto.fi\/\" title=\"\" target=\"_blank\" >Liikennetilanne<\/a><\/li><li class=\"simple-links-item simple-links-shortcode-item\" id=\"link-142\"><a href=\"https:\/\/www.marinetraffic.com\/fi\/ais\/home\/centerx:27\/centery:60\/zoom:7\" title=\"\" target=\"_blank\" >Meriliikenne<\/a><\/li><\/ul><!-- End .simple-links-list -->\n<h4 class=\"simple-links-title\">Karttapalvelut<\/h4><ul class=\"simple-links-list\" ><li class=\"simple-links-item simple-links-shortcode-item\" id=\"link-158\"><a href=\"https:\/\/www.google.fi\/maps\" title=\"\" target=\"_blank\" >Google Maps<\/a><\/li><li class=\"simple-links-item simple-links-shortcode-item\" id=\"link-168\"><a href=\"http:\/\/lentopaikat.fi\/\" title=\"\" target=\"_blank\" >Ilmailukartat - Suomi<\/a><\/li><li class=\"simple-links-item simple-links-shortcode-item\" id=\"link-164\"><a href=\"http:\/\/www.openaip.net\/\" title=\"\" target=\"_blank\" >Open Aviation Database<\/a><\/li><li class=\"simple-links-item simple-links-shortcode-item\" id=\"link-162\"><a href=\"http:\/\/opennauticalchart.org\/\" title=\"\" target=\"_blank\" >OpenNauticalChart.org<\/a><\/li><li class=\"simple-links-item simple-links-shortcode-item\" id=\"link-160\"><a href=\"https:\/\/www.openstreetmap.org\/#map=6\/63.283\/24.928\" title=\"\" target=\"_blank\" >OpenStreetMap<\/a><\/li><li class=\"simple-links-item simple-links-shortcode-item\" id=\"link-166\"><a href=\"https:\/\/skyvector.com\/\" title=\"\" target=\"_blank\" >SkyVector<\/a><\/li><\/ul><!-- End .simple-links-list -->\n<h4 class=\"simple-links-title\">Vaaralliset aineet<\/h4><ul class=\"simple-links-list\" ><li class=\"simple-links-item simple-links-shortcode-item\" id=\"link-152\"><a href=\"http:\/\/www.hazmattool.com\/index.php\" title=\"\" target=\"_blank\" >HAZMAT - tool<\/a><\/li><li class=\"simple-links-item simple-links-shortcode-item\" id=\"link-150\"><a href=\"http:\/\/www.ketu.fi\/KETU\/juke.nsf\/sp?open&amp;cid=etusivu&amp;leftnavinf=JUKE\\Etusivu&amp;leftnavinfa=o\" title=\"\" target=\"_blank\" >Kemikaalituoterekisteri - KETU<\/a><\/li><li class=\"simple-links-item simple-links-shortcode-item\" id=\"link-148\"><a href=\"http:\/\/www.ttl.fi\/ova\/\" title=\"\" target=\"_blank\" >OVA ohjeet<\/a><\/li><li class=\"simple-links-item simple-links-shortcode-item\" id=\"link-146\"><a href=\"https:\/\/webwiser.nlm.nih.gov\/getHomeData.do\" title=\"\" target=\"_blank\" >Wiser - Webwiser<\/a><\/li><\/ul><!-- End .simple-links-list -->\n<h4 class=\"simple-links-title\">Julkaisuja<\/h4><ul class=\"simple-links-list\" ><li class=\"simple-links-item simple-links-shortcode-item\" id=\"link-204\"><a href=\"https:\/\/www.cambridge.org\/core\/journals\/disaster-medicine-and-public-health-preparedness\" title=\"\" target=\"_blank\" >Disaster Medicine and Public Health Preparedness<\/a><\/li><li class=\"simple-links-item simple-links-shortcode-item\" id=\"link-202\"><a href=\"http:\/\/www.emeraldinsight.com\/journal\/dpm\" title=\"\" target=\"_blank\" >Disaster Prevention and Management: An International Journal<\/a><\/li><li class=\"simple-links-item simple-links-shortcode-item\" id=\"link-198\"><a href=\"http:\/\/onlinelibrary.wiley.com\/journal\/10.1111\/(ISSN)1467-7717\" title=\"\" target=\"_blank\" >Disasters - journal<\/a><\/li><li class=\"simple-links-item simple-links-shortcode-item\" id=\"link-200\"><a href=\"http:\/\/www.journals.elsevier.com\/international-journal-of-disaster-risk-reduction\" title=\"\" target=\"_blank\" >International Journal of Disaster Risk Reduction<\/a><\/li><li class=\"simple-links-item simple-links-shortcode-item\" id=\"link-170\"><a href=\"http:\/\/currents.plos.org\/disasters\/\" title=\"\" target=\"_blank\" >PLOS - Disasters<\/a><\/li><li class=\"simple-links-item simple-links-shortcode-item\" id=\"link-172\"><a href=\"https:\/\/www.cambridge.org\/core\/journals\/prehospital-and-disaster-medicine\" title=\"\" target=\"_blank\" >Prehospital and Disaster Medicine Journal<\/a><\/li><\/ul><!-- End .simple-links-list -->\n<h4 class=\"simple-links-title\">Tietokantoja<\/h4><ul class=\"simple-links-list\" ><li class=\"simple-links-item simple-links-shortcode-item\" id=\"link-182\"><a href=\"http:\/\/www.emdat.be\" title=\"\" target=\"_blank\" >EM DAT - Disaster Database<\/a><\/li><li class=\"simple-links-item simple-links-shortcode-item\" id=\"link-180\"><a href=\"http:\/\/hisz.rsoe.hu\/alertmap\/index2.php\" title=\"\" target=\"_blank\" >Emergency and Disaster Information Service<\/a><\/li><li class=\"simple-links-item simple-links-shortcode-item\" id=\"link-206\"><a href=\"http:\/\/majorincidentreporting.net\/\" title=\"\" target=\"_blank\" >Major Incident Reporting<\/a><\/li><\/ul><!-- End .simple-links-list -->\n<h4 class=\"simple-links-title\">Organisaatioita<\/h4><ul class=\"simple-links-list\" ><li class=\"simple-links-item simple-links-shortcode-item\" id=\"link-188\"><a href=\"http:\/\/www.cmcfinland.fi\/\" title=\"\" target=\"_blank\" >CMC Finland<\/a><\/li><li class=\"simple-links-item simple-links-shortcode-item\" id=\"link-174\"><a href=\"https:\/\/crimedim.dir.uniupo.it\/\" title=\"\" target=\"_blank\" >Crimedim<\/a><\/li><li class=\"simple-links-item simple-links-shortcode-item\" id=\"link-176\"><a href=\"http:\/\/regedim.vub.ac.be\/\" title=\"\" target=\"_blank\" >ReGEDiM<\/a><\/li><li class=\"simple-links-item simple-links-shortcode-item\" id=\"link-186\"><a href=\"https:\/\/www.unisdr.org\/\" title=\"\" target=\"_blank\" >UNISDR<\/a><\/li><li class=\"simple-links-item simple-links-shortcode-item\" id=\"link-178\"><a href=\"https:\/\/wadem.org\/\" title=\"\" target=\"_blank\" >Wadem<\/a><\/li><li class=\"simple-links-item simple-links-shortcode-item\" id=\"link-184\"><a href=\"http:\/\/www.who.int\/en\/\" title=\"\" target=\"_blank\" >WHO<\/a><\/li><\/ul><!-- End .simple-links-list -->\n<p>&nbsp;<\/p>\n","protected":false},"excerpt":{"rendered":"<p>&nbsp;<\/p>\n","protected":false},"author":1,"featured_media":0,"parent":0,"menu_order":0,"comment_status":"closed","ping_status":"closed","template":"","meta":{"footnotes":""},"class_list":["post-154","page","type-page","status-publish","hentry"],"jetpack_sharing_enabled":true,"_links":{"self":[{"href":"https:\/\/www.operaatiotaito.fi\/oper_www\/wp-json\/wp\/v2\/pages\/154","targetHints":{"allow":["GET"]}}],"collection":[{"href":"https:\/\/www.operaatiotaito.fi\/oper_www\/wp-json\/wp\/v2\/pages"}],"about":[{"href":"https:\/\/www.operaatiotaito.fi\/oper_www\/wp-json\/wp\/v2\/types\/page"}],"author":[{"embeddable":true,"href":"https:\/\/www.operaatiotaito.fi\/oper_www\/wp-json\/wp\/v2\/users\/1"}],"replies":[{"embeddable":true,"href":"https:\/\/www.operaatiotaito.fi\/oper_www\/wp-json\/wp\/v2\/comments?post=154"}],"version-history":[{"count":6,"href":"https:\/\/www.operaatiotaito.fi\/oper_www\/wp-json\/wp\/v2\/pages\/154\/revisions"}],"predecessor-version":[{"id":216,"href":"https:\/\/www.operaatiotaito.fi\/oper_www\/wp-json\/wp\/v2\/pages\/154\/revisions\/216"}],"wp:attachment":[{"href":"https:\/\/www.operaatiotaito.fi\/oper_www\/wp-json\/wp\/v2\/media?parent=154"}],"curies":[{"name":"wp","href":"https:\/\/api.w.org\/{rel}","templated":true}]}}