{"id":74,"date":"2016-10-27T18:33:51","date_gmt":"2016-10-27T18:33:51","guid":{"rendered":"http:\/\/31.217.196.205\/~mrqxsqrz\/oper_www\/?page_id=74"},"modified":"2023-03-05T10:17:07","modified_gmt":"2023-03-05T10:17:07","slug":"etusivu","status":"publish","type":"page","link":"https:\/\/www.operaatiotaito.fi\/oper_www\/","title":{"rendered":"Etusivu"},"content":{"rendered":"<p>OperaatioTaito on operatiivisen johtamisen apuv\u00e4lineisiin ja operatiivisen johtamisen koulutukseen erikoistunut pienyritys. Resurssitaulujen lis\u00e4ksi saat kauttamme my\u00f6s moniviranomaistoimintaan liittyv\u00e4\u00e4 johtamiskoulutusta sek\u00e4 koulutusta perus- ja hoitotasoiselle ensihoitohenkil\u00f6st\u00f6lle, ensihoidon kentt\u00e4johtajille sek\u00e4 ensihoitol\u00e4\u00e4k\u00e4reille.<\/p>\n<p>&nbsp;<\/p>\n<p>OperaatioTaito is a small company specializing in operational management aids and operational management training. In addition to the resource \/ command boards, through us you also get management training related to multi-agency activities.<\/p>\n<a href=\"https:\/\/www.operaatiotaito.fi\/oper_www\/ota-yhteytta\/\" class=\"su-button su-button-style-default\" style=\"color:#ffffff;background-color:#be1611;border-color:#98120e;border-radius:5px\" target=\"_self\"><span style=\"color:#ffffff;padding:6px 16px;font-size:13px;line-height:20px;border-color:#d25c59;border-radius:5px;text-shadow:none\"><i class=\"sui sui-envelope\" style=\"font-size:13px;color:#FFFFFF\"><\/i> Ota yhteytt\u00e4 \/ Contact us !!<\/span><\/a>\n","protected":false},"excerpt":{"rendered":"<p>OperaatioTaito on operatiivisen johtamisen apuv\u00e4lineisiin ja operatiivisen johtamisen koulutukseen erikoistunut pienyritys. Resurssitaulujen lis\u00e4ksi saat kauttamme my\u00f6s moniviranomaistoimintaan liittyv\u00e4\u00e4 johtamiskoulutusta sek\u00e4 koulutusta perus- ja hoitotasoiselle ensihoitohenkil\u00f6st\u00f6lle, ensihoidon kentt\u00e4johtajille sek\u00e4 ensihoitol\u00e4\u00e4k\u00e4reille. &nbsp; OperaatioTaito is a small company specializing in operational management aids&hellip; <\/p>\n","protected":false},"author":1,"featured_media":0,"parent":0,"menu_order":0,"comment_status":"closed","ping_status":"closed","template":"","meta":{"footnotes":""},"class_list":["post-74","page","type-page","status-publish","hentry"],"jetpack_sharing_enabled":true,"_links":{"self":[{"href":"https:\/\/www.operaatiotaito.fi\/oper_www\/wp-json\/wp\/v2\/pages\/74","targetHints":{"allow":["GET"]}}],"collection":[{"href":"https:\/\/www.operaatiotaito.fi\/oper_www\/wp-json\/wp\/v2\/pages"}],"about":[{"href":"https:\/\/www.operaatiotaito.fi\/oper_www\/wp-json\/wp\/v2\/types\/page"}],"author":[{"embeddable":true,"href":"https:\/\/www.operaatiotaito.fi\/oper_www\/wp-json\/wp\/v2\/users\/1"}],"replies":[{"embeddable":true,"href":"https:\/\/www.operaatiotaito.fi\/oper_www\/wp-json\/wp\/v2\/comments?post=74"}],"version-history":[{"count":7,"href":"https:\/\/www.operaatiotaito.fi\/oper_www\/wp-json\/wp\/v2\/pages\/74\/revisions"}],"predecessor-version":[{"id":449,"href":"https:\/\/www.operaatiotaito.fi\/oper_www\/wp-json\/wp\/v2\/pages\/74\/revisions\/449"}],"wp:attachment":[{"href":"https:\/\/www.operaatiotaito.fi\/oper_www\/wp-json\/wp\/v2\/media?parent=74"}],"curies":[{"name":"wp","href":"https:\/\/api.w.org\/{rel}","templated":true}]}}