{"id":77,"date":"2016-10-27T18:41:03","date_gmt":"2016-10-27T18:41:03","guid":{"rendered":"http:\/\/31.217.196.205\/~mrqxsqrz\/oper_www\/?page_id=77"},"modified":"2021-07-30T17:06:19","modified_gmt":"2021-07-30T17:06:19","slug":"operaatiotaito","status":"publish","type":"page","link":"https:\/\/www.operaatiotaito.fi\/oper_www\/operaatiotaito\/","title":{"rendered":"Operaatiotaito"},"content":{"rendered":"<p><strong>Operaatiotaito<\/strong> on sodank\u00e4ynniss\u00e4 perinteisesti oppi taistelujen yhdist\u00e4misest\u00e4 operaation voittamiseen. Operaatiotaito sis\u00e4lt\u00e4\u00e4 my\u00f6s operaation valmistelun, joukkojen siirrot sek\u00e4 operaation suorituksen. Operaatio yhdist\u00e4\u00e4 useita taisteluja laajalla alueella ja on t\u00e4ten taktiikkaa laajempi sodank\u00e4ynnin taso. Operaatiotaidon yl\u00e4puolella on strategia.<\/p>\n<p>Ensihoitopalvelun osalta operaatiotaito k\u00e4yt\u00e4nn\u00f6ss\u00e4 tarkoittaa mm:<br \/>\n&#8211; Ennakkosuunnitelmien luomista<br \/>\n&#8211; Tarvittavia etuk\u00e4teisvalmisteluja ja varautumista<br \/>\n&#8211; Toiminnassa tarvittavien resurssien varaamista ja h\u00e4lytt\u00e4mist\u00e4<br \/>\n&#8211; Toimintaan osallistuvien joukkojen ryhmittymist\u00e4 onnettomuuspaikalle<br \/>\n&#8211; Ensihoito-operaation strategista, operatiivista ja taktista johtamista<br \/>\n&#8211; Toimivaa resurssienhallintaa<br \/>\n&#8211; Varsinaista toimintaorganisaation toimintaa<\/p>\n<p>Ensihoidon johtaminen suurissa tilanteissa edellytt\u00e4\u00e4 johtajilta \u00e4\u00e4rimm\u00e4ist\u00e4 paineensietokyky\u00e4 sek\u00e4 taitoa tehd\u00e4 mahdollisimman hyvi\u00e4 p\u00e4\u00e4t\u00f6ksi\u00e4 eritt\u00e4in vaikeissa ja haasteellisissa tilanteissa.<\/p>\n<p>Tmi OperaatioTaito on perustettu t\u00e4t\u00e4 ty\u00f6t\u00e4 varten. Yrityksen ensisijainen toiminta-ajatus on kehitt\u00e4\u00e4 ensihoidon johtamistoimintaa sek\u00e4 siin\u00e4 tarvittavia johtamisen apuv\u00e4lineit\u00e4.<\/p>\n<p><strong>Tmi OperaatioTaito<\/strong> (Y-tunnus: 2399463-4), perustettu 2011<br \/>\nP\u00e4\u00e4toimialana on terveydenhuoltoalan konsulointi- ja koulutuspalvelut, keskittyen ensihoidon operatiivisen johtamisen kouluttamiseen ja kehitt\u00e4miseen.<\/p>\n<hr \/>\n<p><strong><img loading=\"lazy\" decoding=\"async\" class=\"wp-image-47 alignnone\" src=\"https:\/\/www.operaatiotaito.fi\/oper_www\/wp-content\/uploads\/2016\/10\/SEkman_netti_DSC3079.jpg\" alt=\"sekman_netti_dsc3079\" width=\"99\" height=\"154\" \/><br \/>\nSimo Ekman (s. 1972)<br \/>\n<\/strong><\/p>\n<p><strong>Koulutus:<\/strong><\/p>\n<ul>\n<li>Master of Science in Disaster Medicine, MScDM\u00a0(EMDM) 2016<\/li>\n<li>Master of Health Care in Disaster\u00a0and Emergency Management, MHcDEM<br \/>\nSairaanhoitaja YAMK 2013<\/li>\n<li>Ensihoitaja &#8211; sairaanhoitaja AMK 2003<\/li>\n<li>L\u00e4\u00e4kint\u00e4vahtimestari &#8211; sairaankuljettaja 1996<\/li>\n<\/ul>\n<p><strong>Ty\u00f6kokemus:<\/strong><\/p>\n<ul>\n<li>2020 &#8211; pelastusp\u00e4\u00e4llikk\u00f6 (Helsinki-Vantaan lentoasema)<\/li>\n<li>2008 &#8211; l\u00e4\u00e4kint\u00e4esimies \/ ensihoidon kentt\u00e4johtaja<\/li>\n<li>2001 &#8211; ensihoidon opetusteht\u00e4vi\u00e4 eri ammattikorkeakouluissa (sivutoimisesti)<\/li>\n<li>1998 &#8211; hoitotason ensihoitovelvoitteet<\/li>\n<li>1996 &#8211; 1998 p\u00e4ivystypolikinikka ty\u00f6skentely\u00e4 TK- ja erikoisalojen p\u00e4ivystyksiss\u00e4<\/li>\n<li>1996 &#8211; ensihoidon teht\u00e4viss\u00e4 eri palveluntuottajilla (yksityisill\u00e4 ja pelastuslaitoksilla)<\/li>\n<\/ul>\n<p><strong>Tunnustukset:<\/strong><\/p>\n<ul>\n<li>Ensihoidon johtamisen erityisp\u00e4tevyys 2016<\/li>\n<li>Laurean Vuoden Alumni 2015 &#8211; tunnustuspalkinto<\/li>\n<li>Vuoden Ensihoitaja 2014 &#8211; tunnustuspalkinto<\/li>\n<\/ul>\n<p><strong>Vuosien aikana kertyneet kokemukset ja ansiot:<\/strong><\/p>\n<ul>\n<li>Koollekutsujana ja ty\u00f6ryhm\u00e4n puheenjohtajana ensihoitoty\u00f6njohtamisen erikoitumisopintojen suunnitteluty\u00f6ryhm\u00e4ss\u00e4<\/li>\n<li>Opettajana ensihoitoty\u00f6njohtamisen erikoistumisopinnoissa alusta l\u00e4htien, opetusalueena operatiivinen johtaminen<\/li>\n<li>Kirjoittajana ja toimituskunnan j\u00e4senen\u00e4 Suuronnettomuusopas &#8211; kirjassa<\/li>\n<li>Kirjoittajana ja toteuttajana H:ki-Vantaan lentoaseman ensihoitopalvelun\u00a0suuronnettomuusohjeessa<\/li>\n<li>Mukana useissa johtamisen apuv\u00e4lineisiin liittyviss\u00e4 TOJE- ja JOKE-tason projekteissa (mm. resurssitaulut)<\/li>\n<li>Mukana usean SAR-harjoituksen suunnittelussa ja toteuttamisessa<\/li>\n<li>Luennoitsijana ensihoidon operatiivisesta johtamisesta useilla alan opintop\u00e4ivill\u00e4<\/li>\n<li>Ensihoitopalvelun varautumisen suunnittelu-, koordinointi- ja hankintateht\u00e4v\u00e4t omalla toiminta-alueella<\/li>\n<li>HUS-alueen Ensihoitopalvelun SURO-ty\u00f6ryhm\u00e4n j\u00e4sen<\/li>\n<\/ul>\n<blockquote><p><img loading=\"lazy\" decoding=\"async\" class=\"alignnone wp-image-56\" src=\"https:\/\/www.operaatiotaito.fi\/oper_www\/wp-content\/uploads\/2016\/10\/DSC_7238-1024x680.jpg\" alt=\"dsc_7238\" width=\"563\" height=\"374\" srcset=\"https:\/\/www.operaatiotaito.fi\/oper_www\/wp-content\/uploads\/2016\/10\/DSC_7238-1024x680.jpg 1024w, https:\/\/www.operaatiotaito.fi\/oper_www\/wp-content\/uploads\/2016\/10\/DSC_7238-300x199.jpg 300w, https:\/\/www.operaatiotaito.fi\/oper_www\/wp-content\/uploads\/2016\/10\/DSC_7238-768x510.jpg 768w, https:\/\/www.operaatiotaito.fi\/oper_www\/wp-content\/uploads\/2016\/10\/DSC_7238.jpg 1200w\" sizes=\"auto, (max-width: 563px) 100vw, 563px\" \/><\/p>\n<p>Tilap\u00e4inen ensihoitopaikka KU- ja IU-alueiden yhteisty\u00f6n\u00e4. Kalusto on pakattu<br \/>\nkolmeen per\u00e4k\u00e4rryyn, joista on mahdollista rakentaa\u00a0noin 250m<sup>2<\/sup> laajuinen,<br \/>\nl\u00e4mmitetty ja valaistu\u00a0kokonaisuus.<\/p><\/blockquote>\n","protected":false},"excerpt":{"rendered":"<p>Operaatiotaito on sodank\u00e4ynniss\u00e4 perinteisesti oppi taistelujen yhdist\u00e4misest\u00e4 operaation voittamiseen. Operaatiotaito sis\u00e4lt\u00e4\u00e4 my\u00f6s operaation valmistelun, joukkojen siirrot sek\u00e4 operaation suorituksen. Operaatio yhdist\u00e4\u00e4 useita taisteluja laajalla alueella ja on t\u00e4ten taktiikkaa laajempi sodank\u00e4ynnin taso. Operaatiotaidon yl\u00e4puolella on strategia. Ensihoitopalvelun osalta operaatiotaito k\u00e4yt\u00e4nn\u00f6ss\u00e4&hellip; <\/p>\n","protected":false},"author":1,"featured_media":0,"parent":0,"menu_order":0,"comment_status":"closed","ping_status":"closed","template":"","meta":{"footnotes":""},"class_list":["post-77","page","type-page","status-publish","hentry"],"jetpack_sharing_enabled":true,"_links":{"self":[{"href":"https:\/\/www.operaatiotaito.fi\/oper_www\/wp-json\/wp\/v2\/pages\/77","targetHints":{"allow":["GET"]}}],"collection":[{"href":"https:\/\/www.operaatiotaito.fi\/oper_www\/wp-json\/wp\/v2\/pages"}],"about":[{"href":"https:\/\/www.operaatiotaito.fi\/oper_www\/wp-json\/wp\/v2\/types\/page"}],"author":[{"embeddable":true,"href":"https:\/\/www.operaatiotaito.fi\/oper_www\/wp-json\/wp\/v2\/users\/1"}],"replies":[{"embeddable":true,"href":"https:\/\/www.operaatiotaito.fi\/oper_www\/wp-json\/wp\/v2\/comments?post=77"}],"version-history":[{"count":15,"href":"https:\/\/www.operaatiotaito.fi\/oper_www\/wp-json\/wp\/v2\/pages\/77\/revisions"}],"predecessor-version":[{"id":403,"href":"https:\/\/www.operaatiotaito.fi\/oper_www\/wp-json\/wp\/v2\/pages\/77\/revisions\/403"}],"wp:attachment":[{"href":"https:\/\/www.operaatiotaito.fi\/oper_www\/wp-json\/wp\/v2\/media?parent=77"}],"curies":[{"name":"wp","href":"https:\/\/api.w.org\/{rel}","templated":true}]}}