{"id":80,"date":"2016-10-27T18:43:58","date_gmt":"2016-10-27T18:43:58","guid":{"rendered":"http:\/\/31.217.196.205\/~mrqxsqrz\/oper_www\/?page_id=80"},"modified":"2016-10-28T08:08:50","modified_gmt":"2016-10-28T08:08:50","slug":"koulutuspalvelut","status":"publish","type":"page","link":"https:\/\/www.operaatiotaito.fi\/oper_www\/koulutuspalvelut\/","title":{"rendered":"Koulutuspalvelut"},"content":{"rendered":"<p>OperaatioTaito tarjoaa ensihoidon koulutuspalveluita, kuten:<\/p>\n<p>Teoriaopetusta:<\/p>\n<ul>\n<li>Perus- ja hoitotason ensihoidosta<\/li>\n<li>Ensihoidon l\u00e4hd\u00f6n- ja tilannejohtamisesta<\/li>\n<li>Ensihoidon johtamisesta MOPO- tai SURO-tilanteissa<\/li>\n<li>Ensihoidon tilanne- ja kentt\u00e4johtamisesta<\/li>\n<\/ul>\n<p>K\u00e4yt\u00e4nn\u00f6n harjoituksia:<\/p>\n<ul>\n<li>Hoitotiimin toiminta erilaisissa ensihoitotilanteissa<\/li>\n<li>Ensihoidon l\u00e4hd\u00f6njohtajan toiminta p\u00e4ivitt\u00e4istilanteissa<\/li>\n<li>Ensihoidon johtaminen moniviranomaisteht\u00e4v\u00e4ll\u00e4<\/li>\n<li>Ensihoidon toimintaorganisaation johtaminen MOPO- ja SURO-tilanteissa<\/li>\n<\/ul>\n<p>Jokainen koulutus valmistellaan aina yhteisty\u00f6ss\u00e4 asiakkaan kanssa. Suunnittelussa otetaan huomioon koulutettavan henkil\u00f6st\u00f6n toimintaymp\u00e4rist\u00f6n tuomat haasteet. Koulutukset toteutetaan asiakkaan tiloissa.<\/p>\n","protected":false},"excerpt":{"rendered":"<p>OperaatioTaito tarjoaa ensihoidon koulutuspalveluita, kuten: Teoriaopetusta: Perus- ja hoitotason ensihoidosta Ensihoidon l\u00e4hd\u00f6n- ja tilannejohtamisesta Ensihoidon johtamisesta MOPO- tai SURO-tilanteissa Ensihoidon tilanne- ja kentt\u00e4johtamisesta K\u00e4yt\u00e4nn\u00f6n harjoituksia: Hoitotiimin toiminta erilaisissa ensihoitotilanteissa Ensihoidon l\u00e4hd\u00f6njohtajan toiminta p\u00e4ivitt\u00e4istilanteissa Ensihoidon johtaminen moniviranomaisteht\u00e4v\u00e4ll\u00e4 Ensihoidon toimintaorganisaation johtaminen MOPO-&hellip; <\/p>\n","protected":false},"author":1,"featured_media":0,"parent":0,"menu_order":0,"comment_status":"closed","ping_status":"closed","template":"","meta":{"footnotes":""},"class_list":["post-80","page","type-page","status-publish","hentry"],"jetpack_sharing_enabled":true,"_links":{"self":[{"href":"https:\/\/www.operaatiotaito.fi\/oper_www\/wp-json\/wp\/v2\/pages\/80","targetHints":{"allow":["GET"]}}],"collection":[{"href":"https:\/\/www.operaatiotaito.fi\/oper_www\/wp-json\/wp\/v2\/pages"}],"about":[{"href":"https:\/\/www.operaatiotaito.fi\/oper_www\/wp-json\/wp\/v2\/types\/page"}],"author":[{"embeddable":true,"href":"https:\/\/www.operaatiotaito.fi\/oper_www\/wp-json\/wp\/v2\/users\/1"}],"replies":[{"embeddable":true,"href":"https:\/\/www.operaatiotaito.fi\/oper_www\/wp-json\/wp\/v2\/comments?post=80"}],"version-history":[{"count":3,"href":"https:\/\/www.operaatiotaito.fi\/oper_www\/wp-json\/wp\/v2\/pages\/80\/revisions"}],"predecessor-version":[{"id":239,"href":"https:\/\/www.operaatiotaito.fi\/oper_www\/wp-json\/wp\/v2\/pages\/80\/revisions\/239"}],"wp:attachment":[{"href":"https:\/\/www.operaatiotaito.fi\/oper_www\/wp-json\/wp\/v2\/media?parent=80"}],"curies":[{"name":"wp","href":"https:\/\/api.w.org\/{rel}","templated":true}]}}